{"id":76,"date":"2026-02-22T19:49:49","date_gmt":"2026-02-22T19:49:49","guid":{"rendered":"https:\/\/wastado.com\/?page_id=76"},"modified":"2026-02-22T22:07:31","modified_gmt":"2026-02-22T22:07:31","slug":"der-kunstler","status":"publish","type":"page","link":"https:\/\/wastado.com\/?page_id=76","title":{"rendered":"Der Kunstler"},"content":{"rendered":"\n<h2 class=\"wp-block-heading\">Solo<\/h2>\n\n\n\n<p id=\"p-rc_c2496550f42c696c-31\">Seit \u00fcber f\u00fcnfundzwanzig Jahren erfreut Valentin Dojtschinov sein Publikum in zahlreichen L\u00e4ndern Europas, unter anderem in Bulgarien, Finnland, Ungarn, Deutschland und der Schweiz. Sein musikalisches Programm eigne<sup><\/sup>t sich f\u00fcr fast jeden Anlass, seien es nun<sup><\/sup> Vernissagen, Familienanl\u00e4sse, V<sup><\/sup>ersammlungen, Priv<sup><\/sup>atpartys oder Diners.<sup><\/sup><sup><\/sup><sup><\/sup><sup><\/sup><sup><\/sup><sup><\/sup><sup><\/sup><sup><\/sup><sup><\/sup><\/p>\n\n\n\n<p id=\"p-rc_c2496550f42c696c-32\">Er zeichnet sich<sup><\/sup> durch seine dezent und gef\u00fchlvol<sup><\/sup>l interpretierte und professionell vorgetrag<sup><\/sup>ene Musik jeden Genres aus. Sein Spiel<sup><\/sup> passt sich jeder Atmosph\u00e4re und Stimmu<sup><\/sup>ng an. Gehobene Unterhaltung &#8211; viels<sup><\/sup>eitig, abwechslungsreich und einzigar<sup><\/sup>tig!<sup><\/sup><sup><\/sup><\/p>\n\n\n\n<p id=\"p-rc_c2496550f42c696c-33\">Valentin Dojtschinov f\u00fchrt in seinem Repertoire einen bunten Strauss aus allen Musikstilrichtungen. Er spielt diverse Evergreens, Schlager, St<sup><\/sup>\u00fccke in lateinamerikanischem Stil, Pop &#8211; Rock, Boogie, Tango, leichte Klassik, bulgarische, ungarische, griechische &#8230;&#8230; <sup><\/sup>Musik.<\/p>\n\n\n\n<h3 class=\"wp-block-heading\">Rezensionen:<\/h3>\n\n\n\n<p id=\"p-rc_c2496550f42c696c-34\"><strong>Einige Feedbacks<sup><\/sup><sup><\/sup><sup><\/sup><sup><\/sup><sup><\/sup><sup><\/sup><sup><\/sup><sup><\/sup><\/strong><\/p>\n\n\n\n<ul class=\"wp-block-list\">\n<li><strong>Labmed Schweiz:<\/strong> &#8220;&#8230; Was w\u00e4re der Alltag ohne Musik? Was w\u00e4re ein festlicher Anlass ohne Musik? Im Namen des Organisationskomitees danke ich Ihnen f\u00fcr den heutigen Abend. &#8230;&#8221;<\/li>\n\n\n\n<li><strong>Thuner Tagblatt:<\/strong> &#8220;&#8230; Forster, Graedel und zwei mal Brignoni, das sind vier K\u00fcnstlerpers\u00f6nlichkeiten, die zurzeit ihre Werke in der Galerie Rosengarten ausstellen &#8230; an der Vernissage brachte Valentin Dojtschinov die t\u00f6nenden Beispiele dazu auf seinem elektrischen Klavier &#8230;&#8221;<\/li>\n\n\n\n<li><strong>Bieler Tagblatt:<\/strong> &#8220;&#8230; Der Pianist Valentin Dojtschinov stimmte bei einem Glas spritzigem Wein dezent in den Abend ein &#8230;&#8221;<\/li>\n\n\n\n<li><strong>Thuner Tagblatt:<\/strong> &#8220;&#8230; bei Rhapsody in Blue kam in der Einleitung die Virtuosit\u00e4t von Valentin Dojtschinov eindr\u00fccklich zur Geltung &#8230;&#8221;<\/li>\n\n\n\n<li><strong>Bieler Tagblatt:<\/strong> &#8220;&#8230; und zum Schluss der gem\u00fctliche Ausklang mit Valentin Dojtschinov am Klavier, rundeten sich zu einem gelungenen Nachmittag &#8230;&#8221;<\/li>\n\n\n\n<li><strong>Harz &#8211; Weser &#8211; Zeitung (DE):<\/strong> &#8220;&#8230; ein brillanter Keyboard &#8211; K\u00f6nner &#8230;&#8221;<\/li>\n\n\n\n<li><strong>Thuner Tagblatt:<\/strong> &#8220;&#8230; die beiden Musiker Valentin Dojtschinov und Wieslaw &#8220;Pip&#8221; Pipczynski verbl\u00fcfften die Zuh\u00f6rer mit ihrer fabelhaften Tastenakrobatik &#8230;&#8221;<\/li>\n\n\n\n<li><strong>Thuner Tagblatt:<\/strong> &#8220;&#8230; mit fr\u00f6hlichen Melodien nach dem Motto &lt;&lt;let&#8217;s swing in&gt;&gt;, begr\u00fcssen Michele Cisternino und Valentin Dojtschinov gemeinsam die G\u00e4ste, die zur Er\u00f6ffnung des Theaters &#8220;Alte Oele&#8221; gekommen sind &#8230; den G\u00e4sten gef\u00e4llt&#8217;s &#8230; &#8220;<\/li>\n\n\n\n<li><strong>Felber Esther, 6045 Meggen:<\/strong> &#8220;Sehr geehrte Damen und Herren Mit Herrn Dojtschinov fanden wir einen zuverl\u00e4ssigen, kompetenten und einf\u00fchlsamen Musiker, welcher den 70. Geburtstag meiner Mutter bestens umrahmte.&#8221;<\/li>\n\n\n\n<li><strong>Wenger Walter, 3128 R\u00fcmligen:<\/strong> &#8220;Das Fest ist auch dank dem Musiker Valentin, der sich prompt \u00fcber Sie gemeldet hat, ein voller Erfolg geworden: Preis und Leistung super, auch unkompliziert und jederzeit wieder zu empfehlen.&#8221;<\/li>\n<\/ul>\n\n\n\n<p><strong><a href=\"https:\/\/wastado.com\/?page_id=143\" data-type=\"page\" data-id=\"143\"><mark style=\"background-color:rgba(0, 0, 0, 0);color:#1538d7\" class=\"has-inline-color\">Musikalischer Werdegang<\/mark><\/a><\/strong><\/p>\n\n\n\n<p><strong><a href=\"https:\/\/wastado.com\/?page_id=149\" data-type=\"page\" data-id=\"149\"><mark style=\"background-color:rgba(0, 0, 0, 0);color:#1538d7\" class=\"has-inline-color\">\u00dcber den Unterricht<\/mark><\/a><\/strong><\/p>\n\n\n\n<p><a href=\"https:\/\/wastado.com\/?page_id=155\" data-type=\"page\" data-id=\"155\"><mark style=\"background-color:rgba(0, 0, 0, 0);color:#1538d7\" class=\"has-inline-color\"><strong>Genre<\/strong><\/mark><\/a><\/p>\n\n\n\n<h2 class=\"wp-block-heading\"><strong>Mehr Inhalte sind in Vorbereitung\u2026<\/strong><\/h2>\n","protected":false},"excerpt":{"rendered":"<p>Solo Seit \u00fcber f\u00fcnfundzwanzig Jahren erfreut Valentin Dojtschinov sein Publikum in zahlreichen L\u00e4ndern Europas, unter [&hellip;]<\/p>\n","protected":false},"author":1,"featured_media":0,"parent":0,"menu_order":0,"comment_status":"closed","ping_status":"closed","template":"","meta":{"footnotes":""},"class_list":["post-76","page","type-page","status-publish","hentry"],"_links":{"self":[{"href":"https:\/\/wastado.com\/index.php?rest_route=\/wp\/v2\/pages\/76","targetHints":{"allow":["GET"]}}],"collection":[{"href":"https:\/\/wastado.com\/index.php?rest_route=\/wp\/v2\/pages"}],"about":[{"href":"https:\/\/wastado.com\/index.php?rest_route=\/wp\/v2\/types\/page"}],"author":[{"embeddable":true,"href":"https:\/\/wastado.com\/index.php?rest_route=\/wp\/v2\/users\/1"}],"replies":[{"embeddable":true,"href":"https:\/\/wastado.com\/index.php?rest_route=%2Fwp%2Fv2%2Fcomments&post=76"}],"version-history":[{"count":8,"href":"https:\/\/wastado.com\/index.php?rest_route=\/wp\/v2\/pages\/76\/revisions"}],"predecessor-version":[{"id":158,"href":"https:\/\/wastado.com\/index.php?rest_route=\/wp\/v2\/pages\/76\/revisions\/158"}],"wp:attachment":[{"href":"https:\/\/wastado.com\/index.php?rest_route=%2Fwp%2Fv2%2Fmedia&parent=76"}],"curies":[{"name":"wp","href":"https:\/\/api.w.org\/{rel}","templated":true}]}}