{"id":143,"date":"2026-02-22T21:58:31","date_gmt":"2026-02-22T21:58:31","guid":{"rendered":"https:\/\/wastado.com\/?page_id=143"},"modified":"2026-02-22T22:10:49","modified_gmt":"2026-02-22T22:10:49","slug":"musikalischer-werdegang","status":"publish","type":"page","link":"https:\/\/wastado.com\/?page_id=143","title":{"rendered":"Musikalischer Werdegang"},"content":{"rendered":"\n<h1 class=\"wp-block-heading\"><strong>&#x1f3bc; Musikalischer Werdegang<\/strong><\/h1>\n\n\n\n<p><strong>Valentin Dojtschinov ist seit 1981 an der Musikschule Region Thun sowie an der Musikschule Region G\u00fcrbetal t\u00e4tig. Bis 1990 unterrichtete er zus\u00e4tzlich an der regionalen Musikschule Lyss. Sein Schwerpunkt liegt auf popul\u00e4rer Musik, Klassik und traditionellem Jazz, die er im Einzelunterricht vermittelt.<\/strong><\/p>\n\n\n\n<p><strong>Seine Sch\u00fclerinnen und Sch\u00fcler wurden mehrfach f\u00fcr herausragende Leistungen in Jazz und Improvisation ausgezeichnet \u2013 unter anderem am Schweizerischen Jugendwettbewerb in Cham mit dem renommierten Ellenberger\u2011Preis f\u00fcr Improvisation.<\/strong><\/p>\n\n\n\n<p><strong>Auch die Sch\u00fclerensembles, Combos und schulischen Auftritte erfreuen sich grosser Beliebtheit. Nach zahlreichen erfolgreichen Konzerten wurden sie mehrfach mit Musikpreisen geehrt und nahmen im Rahmen eines Livekonzerts sogar eine eigene Demo\u2011CD auf.<\/strong><\/p>\n\n\n\n<h2 class=\"wp-block-heading\"><strong>Rezensionen<\/strong><\/h2>\n\n\n\n<p><strong>Berner Zeitung:<\/strong> \u201e\u2026 preisgekr\u00f6nte Ensembles \u2026 das Salon\u2011Ensemble von Valentin Dojtschinov mit beschwingter Musik aus Ost und West \u2026\u201c<\/p>\n\n\n\n<p><strong>Bieler Tagblatt:<\/strong> \u201e\u2026 beschwingte Operettenkl\u00e4nge und gehobene Unterhaltungsmusik \u2026 im Konzertsaal in Thun \u2026 aufjohlende Sch\u00fclerinnen und Sch\u00fcler spielten sich in die Herzen der Anwesenden \u2026\u201c<\/p>\n\n\n\n<p><strong>Thuner Tagblatt:<\/strong> \u201e\u2026 Kiwanis\u2011Club\u2011Pr\u00e4sident Ernst Oppliger \u00fcberreichte der Salongruppe den Kiwanis\u2011Kammermusikpreis f\u00fcr \u00fcberdurchschnittliches K\u00f6nnen \u2026\u201c<\/p>\n","protected":false},"excerpt":{"rendered":"<p>&#x1f3bc; Musikalischer Werdegang Valentin Dojtschinov ist seit 1981 an der Musikschule Region Thun sowie an [&hellip;]<\/p>\n","protected":false},"author":1,"featured_media":0,"parent":0,"menu_order":0,"comment_status":"closed","ping_status":"closed","template":"","meta":{"footnotes":""},"class_list":["post-143","page","type-page","status-publish","hentry"],"_links":{"self":[{"href":"https:\/\/wastado.com\/index.php?rest_route=\/wp\/v2\/pages\/143","targetHints":{"allow":["GET"]}}],"collection":[{"href":"https:\/\/wastado.com\/index.php?rest_route=\/wp\/v2\/pages"}],"about":[{"href":"https:\/\/wastado.com\/index.php?rest_route=\/wp\/v2\/types\/page"}],"author":[{"embeddable":true,"href":"https:\/\/wastado.com\/index.php?rest_route=\/wp\/v2\/users\/1"}],"replies":[{"embeddable":true,"href":"https:\/\/wastado.com\/index.php?rest_route=%2Fwp%2Fv2%2Fcomments&post=143"}],"version-history":[{"count":2,"href":"https:\/\/wastado.com\/index.php?rest_route=\/wp\/v2\/pages\/143\/revisions"}],"predecessor-version":[{"id":159,"href":"https:\/\/wastado.com\/index.php?rest_route=\/wp\/v2\/pages\/143\/revisions\/159"}],"wp:attachment":[{"href":"https:\/\/wastado.com\/index.php?rest_route=%2Fwp%2Fv2%2Fmedia&parent=143"}],"curies":[{"name":"wp","href":"https:\/\/api.w.org\/{rel}","templated":true}]}}